{"id":1403,"date":"2026-01-27T20:02:58","date_gmt":"2026-01-27T20:02:58","guid":{"rendered":"https:\/\/lusihome-portugal.com\/?page_id=1403"},"modified":"2026-01-27T20:13:52","modified_gmt":"2026-01-27T20:13:52","slug":"contacto","status":"publish","type":"page","link":"https:\/\/lusihome-portugal.com\/pt-pt\/contacto\/","title":{"rendered":"Contacto"},"content":{"rendered":"\t\t<div data-elementor-type=\"wp-page\" data-elementor-id=\"1403\" class=\"elementor elementor-1403\" data-elementor-post-type=\"page\">\n\t\t\t\t<div class=\"elementor-element elementor-element-49e313a e-flex e-con-boxed e-con e-parent\" data-id=\"49e313a\" data-element_type=\"container\" data-e-type=\"container\" data-settings=\"{&quot;background_background&quot;:&quot;classic&quot;}\">\n\t\t\t\t\t<div class=\"e-con-inner\">\n\t\t\t\t<div class=\"elementor-element elementor-element-48296f4 animated-slow elementor-invisible elementor-widget elementor-widget-heading\" data-id=\"48296f4\" data-element_type=\"widget\" data-e-type=\"widget\" data-settings=\"{&quot;_animation&quot;:&quot;fadeInUp&quot;,&quot;_animation_delay&quot;:100}\" data-widget_type=\"heading.default\">\n\t\t\t\t\t<h2 class=\"elementor-heading-title elementor-size-default\">Contacto<\/h2>\t\t\t\t<\/div>\n\t\t\t\t\t<\/div>\n\t\t\t\t<\/div>\n\t\t<div class=\"elementor-element elementor-element-b650d8b e-flex e-con-boxed e-con e-parent\" data-id=\"b650d8b\" data-element_type=\"container\" data-e-type=\"container\">\n\t\t\t\t\t<div class=\"e-con-inner\">\n\t\t<div class=\"elementor-element elementor-element-e7fefef e-con-full animated-slow e-flex elementor-invisible e-con e-child\" data-id=\"e7fefef\" data-element_type=\"container\" data-e-type=\"container\" data-settings=\"{&quot;animation&quot;:&quot;fadeInUp&quot;,&quot;animation_delay&quot;:100}\">\n\t\t\t\t<div class=\"elementor-element elementor-element-300d45a animated-slow elementor-invisible elementor-widget elementor-widget-heading\" data-id=\"300d45a\" data-element_type=\"widget\" data-e-type=\"widget\" data-settings=\"{&quot;_animation&quot;:&quot;fadeInUp&quot;,&quot;_animation_delay&quot;:100}\" data-widget_type=\"heading.default\">\n\t\t\t\t\t<h2 class=\"elementor-heading-title elementor-size-default\">Preencha o formul\u00e1rio<\/h2>\t\t\t\t<\/div>\n\t\t\t\t<div class=\"elementor-element elementor-element-fda0072 elementor-widget elementor-widget-text-editor\" data-id=\"fda0072\" data-element_type=\"widget\" data-e-type=\"widget\" data-widget_type=\"text-editor.default\">\n\t\t\t\t\t\t\t\t\t<p>A nossa simp\u00e1tica equipa est\u00e1 pronta para ajudar. Se preferires, tamb\u00e9m podes agendar uma consulta online.<\/p>\t\t\t\t\t\t\t\t<\/div>\n\t\t\t\t<div class=\"elementor-element elementor-element-f18ee0e elementor-button-align-stretch elementor-widget elementor-widget-form\" data-id=\"f18ee0e\" data-element_type=\"widget\" data-e-type=\"widget\" data-settings=\"{&quot;step_next_label&quot;:&quot;Next&quot;,&quot;step_previous_label&quot;:&quot;Previous&quot;,&quot;button_width&quot;:&quot;100&quot;,&quot;step_type&quot;:&quot;number_text&quot;,&quot;step_icon_shape&quot;:&quot;circle&quot;}\" data-widget_type=\"form.default\">\n\t\t\t\t\t\t\t<form class=\"elementor-form\" method=\"post\" name=\"Formul\u00e1rio - Contacto\" aria-label=\"Formul\u00e1rio - Contacto\">\n\t\t\t<input type=\"hidden\" name=\"post_id\" value=\"1403\"\/>\n\t\t\t<input type=\"hidden\" name=\"form_id\" value=\"f18ee0e\"\/>\n\t\t\t<input type=\"hidden\" name=\"referer_title\" value=\"Contacto - Lusihome\" \/>\n\n\t\t\t\t\t\t\t<input type=\"hidden\" name=\"queried_id\" value=\"1403\"\/>\n\t\t\t\n\t\t\t<div class=\"elementor-form-fields-wrapper elementor-labels-above\">\n\t\t\t\t\t\t\t\t<div class=\"elementor-field-type-text elementor-field-group elementor-column elementor-field-group-name elementor-col-50\">\n\t\t\t\t\t\t\t\t\t\t\t\t\t<input size=\"1\" type=\"text\" name=\"form_fields[name]\" id=\"form-field-name\" class=\"elementor-field elementor-size-sm  elementor-field-textual\" placeholder=\"Nome\">\n\t\t\t\t\t\t\t\t\t\t\t<\/div>\n\t\t\t\t\t\t\t\t<div class=\"elementor-field-type-email elementor-field-group elementor-column elementor-field-group-email elementor-col-50 elementor-field-required\">\n\t\t\t\t\t\t\t\t\t\t\t\t\t<input size=\"1\" type=\"email\" name=\"form_fields[email]\" id=\"form-field-email\" class=\"elementor-field elementor-size-sm  elementor-field-textual\" placeholder=\"E-mail\" required=\"required\">\n\t\t\t\t\t\t\t\t\t\t\t<\/div>\n\t\t\t\t\t\t\t\t<div class=\"elementor-field-type-textarea elementor-field-group elementor-column elementor-field-group-message elementor-col-100\">\n\t\t\t\t\t<textarea class=\"elementor-field-textual elementor-field  elementor-size-sm\" name=\"form_fields[message]\" id=\"form-field-message\" rows=\"4\" placeholder=\"Mensagem\"><\/textarea>\t\t\t\t<\/div>\n\t\t\t\t\t\t\t\t<div class=\"elementor-field-type-checkbox elementor-field-group elementor-column elementor-field-group-field_810fe71 elementor-col-100\">\n\t\t\t\t\t<div class=\"elementor-field-subgroup  elementor-subgroup-inline\"><span class=\"elementor-field-option\"><input type=\"checkbox\" value=\"Li e aceito a Pol\u00edtica de Privacidade\" id=\"form-field-field_810fe71-0\" name=\"form_fields[field_810fe71]\"> <label for=\"form-field-field_810fe71-0\">Li e aceito a Pol\u00edtica de Privacidade<\/label><\/span><\/div>\t\t\t\t<\/div>\n\t\t\t\t\t\t\t\t<div class=\"elementor-field-group elementor-column elementor-field-type-submit elementor-col-100 e-form__buttons\">\n\t\t\t\t\t<button class=\"elementor-button elementor-size-sm\" type=\"submit\">\n\t\t\t\t\t\t<span class=\"elementor-button-content-wrapper\">\n\t\t\t\t\t\t\t\t\t\t\t\t\t\t\t\t\t\t\t\t\t\t<span class=\"elementor-button-text\">Enviar<\/span>\n\t\t\t\t\t\t\t\t\t\t\t\t\t<\/span>\n\t\t\t\t\t<\/button>\n\t\t\t\t<\/div>\n\t\t\t<\/div>\n\t\t<\/form>\n\t\t\t\t\t\t<\/div>\n\t\t\t\t<\/div>\n\t\t<div class=\"elementor-element elementor-element-b73982c e-con-full animated-slow e-flex elementor-invisible e-con e-child\" data-id=\"b73982c\" data-element_type=\"container\" data-e-type=\"container\" data-settings=\"{&quot;animation&quot;:&quot;fadeInUp&quot;,&quot;animation_delay&quot;:200}\">\n\t\t\t\t<div class=\"elementor-element elementor-element-ad41390 animated-slow elementor-invisible elementor-widget elementor-widget-heading\" data-id=\"ad41390\" data-element_type=\"widget\" data-e-type=\"widget\" data-settings=\"{&quot;_animation&quot;:&quot;fadeInUp&quot;,&quot;_animation_delay&quot;:100}\" data-widget_type=\"heading.default\">\n\t\t\t\t\t<h2 class=\"elementor-heading-title elementor-size-default\">Contacto direto<\/h2>\t\t\t\t<\/div>\n\t\t\t\t<div class=\"elementor-element elementor-element-c1a10c2 elementor-icon-list--layout-traditional elementor-list-item-link-full_width elementor-widget elementor-widget-icon-list\" data-id=\"c1a10c2\" data-element_type=\"widget\" data-e-type=\"widget\" data-widget_type=\"icon-list.default\">\n\t\t\t\t\t\t\t<ul class=\"elementor-icon-list-items\">\n\t\t\t\t\t\t\t<li class=\"elementor-icon-list-item\">\n\t\t\t\t\t\t\t\t\t\t\t<span class=\"elementor-icon-list-icon\">\n\t\t\t\t\t\t\t<svg aria-hidden=\"true\" class=\"e-font-icon-svg e-fas-phone-alt\" viewBox=\"0 0 512 512\" xmlns=\"http:\/\/www.w3.org\/2000\/svg\"><path d=\"M497.39 361.8l-112-48a24 24 0 0 0-28 6.9l-49.6 60.6A370.66 370.66 0 0 1 130.6 204.11l60.6-49.6a23.94 23.94 0 0 0 6.9-28l-48-112A24.16 24.16 0 0 0 122.6.61l-104 24A24 24 0 0 0 0 48c0 256.5 207.9 464 464 464a24 24 0 0 0 23.4-18.6l24-104a24.29 24.29 0 0 0-14.01-27.6z\"><\/path><\/svg>\t\t\t\t\t\t<\/span>\n\t\t\t\t\t\t\t\t\t\t<span class=\"elementor-icon-list-text\">+351 936 654 500<\/span>\n\t\t\t\t\t\t\t\t\t<\/li>\n\t\t\t\t\t\t\t\t<li class=\"elementor-icon-list-item\">\n\t\t\t\t\t\t\t\t\t\t\t<span class=\"elementor-icon-list-icon\">\n\t\t\t\t\t\t\t<svg aria-hidden=\"true\" class=\"e-font-icon-svg e-fas-envelope\" viewBox=\"0 0 512 512\" xmlns=\"http:\/\/www.w3.org\/2000\/svg\"><path d=\"M502.3 190.8c3.9-3.1 9.7-.2 9.7 4.7V400c0 26.5-21.5 48-48 48H48c-26.5 0-48-21.5-48-48V195.6c0-5 5.7-7.8 9.7-4.7 22.4 17.4 52.1 39.5 154.1 113.6 21.1 15.4 56.7 47.8 92.2 47.6 35.7.3 72-32.8 92.3-47.6 102-74.1 131.6-96.3 154-113.7zM256 320c23.2.4 56.6-29.2 73.4-41.4 132.7-96.3 142.8-104.7 173.4-128.7 5.8-4.5 9.2-11.5 9.2-18.9v-19c0-26.5-21.5-48-48-48H48C21.5 64 0 85.5 0 112v19c0 7.4 3.4 14.3 9.2 18.9 30.6 23.9 40.7 32.4 173.4 128.7 16.8 12.2 50.2 41.8 73.4 41.4z\"><\/path><\/svg>\t\t\t\t\t\t<\/span>\n\t\t\t\t\t\t\t\t\t\t<span class=\"elementor-icon-list-text\">info@lusihome-portugal.com<\/span>\n\t\t\t\t\t\t\t\t\t<\/li>\n\t\t\t\t\t\t\t\t<li class=\"elementor-icon-list-item\">\n\t\t\t\t\t\t\t\t\t\t\t<span class=\"elementor-icon-list-icon\">\n\t\t\t\t\t\t\t<svg xmlns=\"http:\/\/www.w3.org\/2000\/svg\" width=\"209\" height=\"209\" viewBox=\"0 0 209 209\" fill=\"none\"><path fill-rule=\"evenodd\" clip-rule=\"evenodd\" d=\"M91.4029 0.550293C72.0222 3.09217 54.474 10.4872 39.1529 22.5696C35.2292 25.6638 25.6989 35.1884 22.6378 39.0749C10.3452 54.6817 2.89749 72.4545 0.545421 91.7931C-0.381608 99.4159 -0.0872941 114.386 1.12793 121.41C3.80084 136.857 9.60263 151.393 17.8059 163.194L19.6265 165.814L13.0658 185.208C9.45731 195.874 6.55499 204.651 6.61581 204.713C6.67704 204.774 15.5824 201.986 26.4063 198.517C37.2298 195.049 46.3593 192.211 46.694 192.211C47.0287 192.211 48.4538 192.914 49.8609 193.772C61.8216 201.068 74.2391 205.612 88.7495 208.003C95.1391 209.056 113.707 209.064 120.181 208.017C137.941 205.146 153.454 198.545 168.058 187.646C173.366 183.684 183.883 173.089 188.04 167.515C199.169 152.594 206.031 135.659 208.353 117.387C209.16 111.041 209.152 97.9802 208.338 91.3726C206.073 72.9761 199.3 56.4541 187.593 40.7677C183.869 35.7782 173.135 25.0441 168.145 21.3201C152.459 9.61281 135.937 2.8395 117.54 0.574377C111.41 -0.180799 97.0757 -0.193861 91.4029 0.550293ZM71.7899 48.7179C72.4308 49.0489 73.3203 49.9216 73.7664 50.6568C75.398 53.344 85.2798 77.8799 85.2798 79.2441C85.2798 80.9879 83.6797 83.518 80.1418 87.3678C74.182 93.8529 73.9665 94.717 77.0345 99.822C81.9905 108.068 90.7906 117.89 98.0709 123.301C105.342 128.705 115.536 134.023 119.575 134.519C123.204 134.965 124.848 133.583 131.137 124.807C134.606 119.965 136.118 118.863 138.642 119.337C141.776 119.925 165.669 131.65 166.683 133.098C167.793 134.683 167.207 140.875 165.436 146.28C162.84 154.199 152.033 161.421 140.956 162.639C132.06 163.616 109.403 156.121 95.8543 147.717C83.9332 140.324 71.0784 128.117 60.8187 114.448C51.1099 101.513 46.5438 92.705 44.6367 83.2318C43.8088 79.1196 44.0248 71.4372 45.0783 67.505C46.1478 63.5156 49.0885 57.9743 51.899 54.6544C56.3407 49.4073 59.0173 48.19 66.2167 48.1439C69.3517 48.1235 70.9617 48.2892 71.7899 48.7179Z\" fill=\"#183A76\"><\/path><\/svg>\t\t\t\t\t\t<\/span>\n\t\t\t\t\t\t\t\t\t\t<span class=\"elementor-icon-list-text\">+351 936 654 500<\/span>\n\t\t\t\t\t\t\t\t\t<\/li>\n\t\t\t\t\t\t\t\t<li class=\"elementor-icon-list-item\">\n\t\t\t\t\t\t\t\t\t\t<span class=\"elementor-icon-list-text\">Licen\u00e7a AMI: 25852<\/span>\n\t\t\t\t\t\t\t\t\t<\/li>\n\t\t\t\t\t\t<\/ul>\n\t\t\t\t\t\t<\/div>\n\t\t\t\t<\/div>\n\t\t\t\t\t<\/div>\n\t\t\t\t<\/div>\n\t\t\t\t<\/div>\n\t\t","protected":false},"excerpt":{"rendered":"<p>Contacto Preencha o formul\u00e1rio A nossa simp\u00e1tica equipa est\u00e1 pronta para ajudar. Se preferires, tamb\u00e9m podes agendar uma consulta online. Contacto direto +351 936 654 500 info@lusihome-portugal.com +351 936 654 500 Licen\u00e7a AMI: 25852<\/p>\n","protected":false},"author":2,"featured_media":0,"parent":0,"menu_order":0,"comment_status":"closed","ping_status":"closed","template":"","meta":{"footnotes":""},"class_list":["post-1403","page","type-page","status-publish","hentry"],"_links":{"self":[{"href":"https:\/\/lusihome-portugal.com\/pt-pt\/wp-json\/wp\/v2\/pages\/1403","targetHints":{"allow":["GET"]}}],"collection":[{"href":"https:\/\/lusihome-portugal.com\/pt-pt\/wp-json\/wp\/v2\/pages"}],"about":[{"href":"https:\/\/lusihome-portugal.com\/pt-pt\/wp-json\/wp\/v2\/types\/page"}],"author":[{"embeddable":true,"href":"https:\/\/lusihome-portugal.com\/pt-pt\/wp-json\/wp\/v2\/users\/2"}],"replies":[{"embeddable":true,"href":"https:\/\/lusihome-portugal.com\/pt-pt\/wp-json\/wp\/v2\/comments?post=1403"}],"version-history":[{"count":19,"href":"https:\/\/lusihome-portugal.com\/pt-pt\/wp-json\/wp\/v2\/pages\/1403\/revisions"}],"predecessor-version":[{"id":1426,"href":"https:\/\/lusihome-portugal.com\/pt-pt\/wp-json\/wp\/v2\/pages\/1403\/revisions\/1426"}],"wp:attachment":[{"href":"https:\/\/lusihome-portugal.com\/pt-pt\/wp-json\/wp\/v2\/media?parent=1403"}],"curies":[{"name":"wp","href":"https:\/\/api.w.org\/{rel}","templated":true}]}}