{"id":615,"date":"2025-07-18T14:21:16","date_gmt":"2025-07-18T13:21:16","guid":{"rendered":"https:\/\/lusihome.instawp.xyz\/produto\/consulta-em-linha\/"},"modified":"2026-01-27T18:29:46","modified_gmt":"2026-01-27T18:29:46","slug":"consulta-em-linha","status":"publish","type":"product","link":"https:\/\/lusihome-portugal.com\/pt-pt\/produto\/consulta-em-linha\/","title":{"rendered":"Consulta Online"},"content":{"rendered":"<p class=\"whitespace-normal break-words\">Orienta\u00e7\u00e3o personalizada para a tua viagem a Portugal. Os nossos consultores especializados avaliam a tua situa\u00e7\u00e3o espec\u00edfica, recomendam a melhor via de visto e criam uma estrat\u00e9gia de relocaliza\u00e7\u00e3o \u00e0 medida. Desde o planeamento inicial at\u00e9 \u00e0 sele\u00e7\u00e3o da propriedade, fornecemos informa\u00e7\u00f5es estrat\u00e9gicas que lhe poupam tempo, dinheiro e erros dispendiosos. Perfeito para aqueles que querem uma orienta\u00e7\u00e3o especializada antes de se comprometerem com a sua mudan\u00e7a para Portugal.<\/p>\n<p>Escolhe a data, a hora e a plataforma que preferes (telefone, Zoom ou WhatsApp) para a tua consulta.<\/p>\n","protected":false},"excerpt":{"rendered":"<p>Orienta\u00e7\u00e3o personalizada para a tua viagem a Portugal. Os nossos consultores especializados avaliam a tua situa\u00e7\u00e3o espec\u00edfica, recomendam a melhor via de visto e criam uma estrat\u00e9gia de relocaliza\u00e7\u00e3o \u00e0 medida. Desde o planeamento inicial at\u00e9 \u00e0 sele\u00e7\u00e3o da propriedade, fornecemos informa\u00e7\u00f5es estrat\u00e9gicas que lhe poupam tempo, dinheiro e erros dispendiosos. Perfeito para aqueles que [&hellip;]<\/p>\n","protected":false},"featured_media":0,"template":"","meta":[],"product_brand":[],"product_cat":[47],"product_tag":[],"class_list":{"0":"post-615","1":"product","2":"type-product","3":"status-publish","5":"product_cat-consulta-online","7":"first","8":"instock","9":"sale","10":"virtual","11":"taxable","12":"purchasable","13":"product-type-appointment"},"exclude_global_add_ons":false,"addons":[{"name":"Prefiro usar:","type":"checkbox","position":0,"required":true,"title_format":"label","default":"","description_enable":false,"description":"","placeholder_enable":false,"placeholder":"","display":"select","restrictions_type":"any_text","adjust_price":false,"price":"","price_type":"flat_fee","restrictions":false,"min":"0","max":"0","options":[{"label":"Chamada telef\u00f3nica","price":"","price_type":"flat_fee","image":0,"visibility":true},{"label":"Chamada WhatsApp","price":"","price_type":"flat_fee","image":0,"visibility":true},{"label":"Google Meet","price":"","price_type":"flat_fee","image":0,"visibility":true},{"label":"Reuni\u00e3o Zoom","price":"","price_type":"flat_fee","image":0,"visibility":true}],"id":1752855318}],"_links":{"self":[{"href":"https:\/\/lusihome-portugal.com\/pt-pt\/wp-json\/wp\/v2\/product\/615","targetHints":{"allow":["GET"]}}],"collection":[{"href":"https:\/\/lusihome-portugal.com\/pt-pt\/wp-json\/wp\/v2\/product"}],"about":[{"href":"https:\/\/lusihome-portugal.com\/pt-pt\/wp-json\/wp\/v2\/types\/product"}],"wp:attachment":[{"href":"https:\/\/lusihome-portugal.com\/pt-pt\/wp-json\/wp\/v2\/media?parent=615"}],"wp:term":[{"taxonomy":"product_brand","embeddable":true,"href":"https:\/\/lusihome-portugal.com\/pt-pt\/wp-json\/wp\/v2\/product_brand?post=615"},{"taxonomy":"product_cat","embeddable":true,"href":"https:\/\/lusihome-portugal.com\/pt-pt\/wp-json\/wp\/v2\/product_cat?post=615"},{"taxonomy":"product_tag","embeddable":true,"href":"https:\/\/lusihome-portugal.com\/pt-pt\/wp-json\/wp\/v2\/product_tag?post=615"}],"curies":[{"name":"wp","href":"https:\/\/api.w.org\/{rel}","templated":true}]}}